{"id":22,"date":"2021-07-15T16:24:01","date_gmt":"2021-07-15T16:24:01","guid":{"rendered":"http:\/\/www.aetarouca.pt\/erasmus\/ka1-afah\/?page_id=22"},"modified":"2022-10-21T01:55:24","modified_gmt":"2022-10-21T01:55:24","slug":"inicio","status":"publish","type":"page","link":"https:\/\/www.aetarouca.pt\/erasmus\/ka1-afah\/","title":{"rendered":"Apresenta\u00e7\u00e3o do Projeto"},"content":{"rendered":"\r\n<p style=\"text-align: justify;\">O Projeto <strong>&#8220;Atravessar fronteiras\/Alargar horizontes&#8221;<\/strong> foi submetido pelo Agrupamento, no \u00e2mbito do Programa Erasmus+ &#8211; A\u00e7\u00e3o Chave 1 (KA1), e aprovado em Junho de 2020 e ter\u00e1 a dura\u00e7\u00e3o de 18 meses.<\/p>\r\n\r\n\r\n\r\n<p style=\"text-align: justify;\">Este projeto visa proporcionar a oito professores do Agrupamento a oportunidade de realizar Mobilidades Individuais para Aprendizagem, realizando cursos estruturados de forma\u00e7\u00e3o, em diversos pa\u00edses europeus, e, assim contactar com pr\u00e1ticas pedag\u00f3gicas diferenciadas e inovadoras, pol\u00edticas e sistemas de educa\u00e7\u00e3o europeus.<\/p>\r\n\r\n\r\n\r\n\r\n\r\n<p style=\"text-align: justify;\"><strong>Objetivos gerais<\/strong><\/p>\r\n\r\n\r\n\r\n<ul class=\"wp-block-list\" style=\"text-align: justify;\">\r\n<li>Incrementar a no\u00e7\u00e3o de Cidadania Europeia;<\/li>\r\n<li>Conhecer outros sistemas de ensino europeus;<\/li>\r\n<li>Conhecer e adotar boas pr\u00e1ticas se educa\u00e7\u00e3o internacional;<\/li>\r\n<li>Desenvolver a\u00e7\u00f5es que permitam a aquisi\u00e7\u00e3o de compet\u00eancias centrados nos alunos e para os alunos;<\/li>\r\n<li>Desenvolver a\u00e7\u00f5es que permitam a aquisi\u00e7\u00e3o de compet\u00eancias centradas nos docentes;<\/li>\r\n<li>Criar parcerias transnacionais com vista \u00e0 forma\u00e7\u00e3o de uma \u201crede\u201d s\u00f3lida de parceiros que viabilizem os prop\u00f3sitos de internacionaliza\u00e7\u00e3o do Agrupamento de Escolas de tarouca e a realiza\u00e7\u00e3o de mobilidades europeias.<\/li>\r\n<\/ul>\r\n\r\n\r\n\r\n<p style=\"text-align: justify;\"><strong>Prop\u00f3sitos das Mobilidades do Projeto:<\/strong><br \/><em>\u201cAtravessar Fronteiras\/ Alargar Horizontes\u201d<\/em><\/p>\r\n\r\n\r\n\r\n<ol class=\"wp-block-list\" style=\"text-align: justify;\">\r\n<li>Inclus\u00e3o\/ Igualdade;<\/li>\r\n<li>Melhoria da Qualidade e\/ou M\u00e9todos das Institui\u00e7\u00f5es (inclusive do desenvolvimento escolar;<\/li>\r\n<li>Abandono escolar\/Combate ao Insucesso escolar.<\/li>\r\n<\/ol>\r\n\r\n\r\n","protected":false},"excerpt":{"rendered":"<p>O Projeto &#8220;Atravessar fronteiras\/Alargar horizontes&#8221; foi submetido pelo Agrupamento, no \u00e2mbito do Programa Erasmus+ &#8211; A\u00e7\u00e3o Chave 1 (KA1), e aprovado em Junho de 2020 e ter\u00e1 a dura\u00e7\u00e3o de 18 meses. Este projeto visa proporcionar a oito professores do Agrupamento a oportunidade de realizar Mobilidades Individuais para Aprendizagem, realizando cursos estruturados de forma\u00e7\u00e3o, em [&hellip;]<\/p>\n","protected":false},"author":1,"featured_media":0,"parent":0,"menu_order":0,"comment_status":"closed","ping_status":"closed","template":"","meta":{"ngg_post_thumbnail":0,"footnotes":""},"class_list":["post-22","page","type-page","status-publish","hentry"],"_links":{"self":[{"href":"https:\/\/www.aetarouca.pt\/erasmus\/ka1-afah\/index.php\/wp-json\/wp\/v2\/pages\/22","targetHints":{"allow":["GET"]}}],"collection":[{"href":"https:\/\/www.aetarouca.pt\/erasmus\/ka1-afah\/index.php\/wp-json\/wp\/v2\/pages"}],"about":[{"href":"https:\/\/www.aetarouca.pt\/erasmus\/ka1-afah\/index.php\/wp-json\/wp\/v2\/types\/page"}],"author":[{"embeddable":true,"href":"https:\/\/www.aetarouca.pt\/erasmus\/ka1-afah\/index.php\/wp-json\/wp\/v2\/users\/1"}],"replies":[{"embeddable":true,"href":"https:\/\/www.aetarouca.pt\/erasmus\/ka1-afah\/index.php\/wp-json\/wp\/v2\/comments?post=22"}],"version-history":[{"count":7,"href":"https:\/\/www.aetarouca.pt\/erasmus\/ka1-afah\/index.php\/wp-json\/wp\/v2\/pages\/22\/revisions"}],"predecessor-version":[{"id":71,"href":"https:\/\/www.aetarouca.pt\/erasmus\/ka1-afah\/index.php\/wp-json\/wp\/v2\/pages\/22\/revisions\/71"}],"wp:attachment":[{"href":"https:\/\/www.aetarouca.pt\/erasmus\/ka1-afah\/index.php\/wp-json\/wp\/v2\/media?parent=22"}],"curies":[{"name":"wp","href":"https:\/\/api.w.org\/{rel}","templated":true}]}}