{"id":74,"date":"2022-10-21T01:34:38","date_gmt":"2022-10-21T01:34:38","guid":{"rendered":"https:\/\/www.aetarouca.pt\/erasmus\/ka1-afah\/?page_id=74"},"modified":"2023-02-13T16:23:36","modified_gmt":"2023-02-13T16:23:36","slug":"primeira","status":"publish","type":"page","link":"https:\/\/www.aetarouca.pt\/erasmus\/ka1-afah\/index.php\/formacao\/primeira\/","title":{"rendered":"Primeira"},"content":{"rendered":"<p><strong>Curso<\/strong>: Instructional Strategies to Address the Diverse Needs of All Students<br \/>\n<strong>Local de Forma\u00e7\u00e3o<\/strong>: Amesterd\u00e3o, Pa\u00edses Baixos<br \/>\n<strong>Data<\/strong>: de 2 de maio a 7 de maio de 2022<\/p>\n<p><strong>Candidatos selecionados<\/strong>:<\/p>\n<ul>\n<li>Dulce Pereira \u2013 Grupo 120<\/li>\n<li>Carla Ribeiro \u2013 Grupo 230<\/li>\n<li>F\u00e1tima Batista \u2013 Grupo 260<\/li>\n<li>Maria do C\u00e9u Tralh\u00e3o \u2013 Grupo 910<\/li>\n<\/ul>\n<p><strong>Description of the course<\/strong>:<br \/>\nThe course is for teachers who seek to learn more about the approach of Universal Design for Learning (UDL) and the strategy of Differentiation in order to design an accessible educational framework that addresses the diverse needs of all students (e.g. students with special needs, migrants) and ensures their educational and social inclusion.<\/p>\n<p><img loading=\"lazy\" decoding=\"async\" class=\"aligncenter wp-image-100 size-full\" src=\"http:\/\/www.aetarouca.pt\/erasmus\/ka1-afah\/wp-content\/uploads\/2022\/10\/1f.png\" alt=\"\" width=\"842\" height=\"567\" srcset=\"https:\/\/www.aetarouca.pt\/erasmus\/ka1-afah\/wp-content\/uploads\/2022\/10\/1f.png 842w, https:\/\/www.aetarouca.pt\/erasmus\/ka1-afah\/wp-content\/uploads\/2022\/10\/1f-300x202.png 300w, https:\/\/www.aetarouca.pt\/erasmus\/ka1-afah\/wp-content\/uploads\/2022\/10\/1f-768x517.png 768w, https:\/\/www.aetarouca.pt\/erasmus\/ka1-afah\/wp-content\/uploads\/2022\/10\/1f-1x1.png 1w\" sizes=\"auto, (max-width: 842px) 100vw, 842px\" \/><\/p>\n","protected":false},"excerpt":{"rendered":"<p>Curso: Instructional Strategies to Address the Diverse Needs of All Students Local de Forma\u00e7\u00e3o: Amesterd\u00e3o, Pa\u00edses Baixos Data: de 2 de maio a 7 de maio de 2022 Candidatos selecionados: Dulce Pereira \u2013 Grupo 120 Carla Ribeiro \u2013 Grupo 230 F\u00e1tima Batista \u2013 Grupo 260 Maria do C\u00e9u Tralh\u00e3o \u2013 Grupo 910 Description of the [&hellip;]<\/p>\n","protected":false},"author":1,"featured_media":0,"parent":72,"menu_order":0,"comment_status":"closed","ping_status":"closed","template":"","meta":{"ngg_post_thumbnail":0,"footnotes":""},"class_list":["post-74","page","type-page","status-publish","hentry"],"_links":{"self":[{"href":"https:\/\/www.aetarouca.pt\/erasmus\/ka1-afah\/index.php\/wp-json\/wp\/v2\/pages\/74","targetHints":{"allow":["GET"]}}],"collection":[{"href":"https:\/\/www.aetarouca.pt\/erasmus\/ka1-afah\/index.php\/wp-json\/wp\/v2\/pages"}],"about":[{"href":"https:\/\/www.aetarouca.pt\/erasmus\/ka1-afah\/index.php\/wp-json\/wp\/v2\/types\/page"}],"author":[{"embeddable":true,"href":"https:\/\/www.aetarouca.pt\/erasmus\/ka1-afah\/index.php\/wp-json\/wp\/v2\/users\/1"}],"replies":[{"embeddable":true,"href":"https:\/\/www.aetarouca.pt\/erasmus\/ka1-afah\/index.php\/wp-json\/wp\/v2\/comments?post=74"}],"version-history":[{"count":5,"href":"https:\/\/www.aetarouca.pt\/erasmus\/ka1-afah\/index.php\/wp-json\/wp\/v2\/pages\/74\/revisions"}],"predecessor-version":[{"id":104,"href":"https:\/\/www.aetarouca.pt\/erasmus\/ka1-afah\/index.php\/wp-json\/wp\/v2\/pages\/74\/revisions\/104"}],"up":[{"embeddable":true,"href":"https:\/\/www.aetarouca.pt\/erasmus\/ka1-afah\/index.php\/wp-json\/wp\/v2\/pages\/72"}],"wp:attachment":[{"href":"https:\/\/www.aetarouca.pt\/erasmus\/ka1-afah\/index.php\/wp-json\/wp\/v2\/media?parent=74"}],"curies":[{"name":"wp","href":"https:\/\/api.w.org\/{rel}","templated":true}]}}