{"id":76,"date":"2022-10-21T01:34:53","date_gmt":"2022-10-21T01:34:53","guid":{"rendered":"https:\/\/www.aetarouca.pt\/erasmus\/ka1-afah\/?page_id=76"},"modified":"2023-02-13T16:25:19","modified_gmt":"2023-02-13T16:25:19","slug":"segunda","status":"publish","type":"page","link":"https:\/\/www.aetarouca.pt\/erasmus\/ka1-afah\/index.php\/formacao\/segunda\/","title":{"rendered":"Segunda"},"content":{"rendered":"<p><strong>Effective Pedagogies for 21st-Century Learning<\/strong><\/p>\n<p>Forma\u00e7\u00e3o dinamizada pelo Europass Teacher Academy, entre os dias 18 e 23 de junho de 2022 em Hels\u00ednquia, Finl\u00e2ndia.<\/p>\n<p><strong>Participantes:<\/strong> Eliana Santos e Isabel Quintas<\/p>\n<p><strong>Objetivos principais do curso:<\/strong><\/p>\n<ul>\n<li>Compreender as principais caracter\u00edsticas pedag\u00f3gicas do s\u00e9culo XXI;<\/li>\n<li>Melhorar as compet\u00eancias dos professores com vista \u00e0 ado\u00e7\u00e3o de novas pr\u00e1ticas pedag\u00f3gicas que promovam no aluno o pensamento cr\u00edtico, a colabora\u00e7\u00e3o, a criatividade e comunica\u00e7\u00e3o;<\/li>\n<li>Explorar quatro abordagens fundamentais centradas nos alunos: <em>Project-based learning<\/em> (PBL), <em>Technology-enhanced learning<\/em> (TEL), Trabalho colaborativo e Pensamento cr\u00edtico e criativo<em> na resolu\u00e7\u00e3o de problemas<\/em>;<\/li>\n<li>Implementar a utiliza\u00e7\u00e3o de novas tecnologias de informa\u00e7\u00e3o e comunica\u00e7\u00e3o como recurso did\u00e1tico-pedag\u00f3gico no processo ensino e aprendizagem. para potencializar a aprendizagem dos alunos.<\/li>\n<\/ul>\n","protected":false},"excerpt":{"rendered":"<p>Effective Pedagogies for 21st-Century Learning Forma\u00e7\u00e3o dinamizada pelo Europass Teacher Academy, entre os dias 18 e 23 de junho de 2022 em Hels\u00ednquia, Finl\u00e2ndia. Participantes: Eliana Santos e Isabel Quintas Objetivos principais do curso: Compreender as principais caracter\u00edsticas pedag\u00f3gicas do s\u00e9culo XXI; Melhorar as compet\u00eancias dos professores com vista \u00e0 ado\u00e7\u00e3o de novas pr\u00e1ticas pedag\u00f3gicas [&hellip;]<\/p>\n","protected":false},"author":1,"featured_media":0,"parent":72,"menu_order":0,"comment_status":"closed","ping_status":"closed","template":"","meta":{"ngg_post_thumbnail":0,"footnotes":""},"class_list":["post-76","page","type-page","status-publish","hentry"],"_links":{"self":[{"href":"https:\/\/www.aetarouca.pt\/erasmus\/ka1-afah\/index.php\/wp-json\/wp\/v2\/pages\/76","targetHints":{"allow":["GET"]}}],"collection":[{"href":"https:\/\/www.aetarouca.pt\/erasmus\/ka1-afah\/index.php\/wp-json\/wp\/v2\/pages"}],"about":[{"href":"https:\/\/www.aetarouca.pt\/erasmus\/ka1-afah\/index.php\/wp-json\/wp\/v2\/types\/page"}],"author":[{"embeddable":true,"href":"https:\/\/www.aetarouca.pt\/erasmus\/ka1-afah\/index.php\/wp-json\/wp\/v2\/users\/1"}],"replies":[{"embeddable":true,"href":"https:\/\/www.aetarouca.pt\/erasmus\/ka1-afah\/index.php\/wp-json\/wp\/v2\/comments?post=76"}],"version-history":[{"count":3,"href":"https:\/\/www.aetarouca.pt\/erasmus\/ka1-afah\/index.php\/wp-json\/wp\/v2\/pages\/76\/revisions"}],"predecessor-version":[{"id":103,"href":"https:\/\/www.aetarouca.pt\/erasmus\/ka1-afah\/index.php\/wp-json\/wp\/v2\/pages\/76\/revisions\/103"}],"up":[{"embeddable":true,"href":"https:\/\/www.aetarouca.pt\/erasmus\/ka1-afah\/index.php\/wp-json\/wp\/v2\/pages\/72"}],"wp:attachment":[{"href":"https:\/\/www.aetarouca.pt\/erasmus\/ka1-afah\/index.php\/wp-json\/wp\/v2\/media?parent=76"}],"curies":[{"name":"wp","href":"https:\/\/api.w.org\/{rel}","templated":true}]}}