{"id":78,"date":"2022-10-21T01:35:18","date_gmt":"2022-10-21T01:35:18","guid":{"rendered":"https:\/\/www.aetarouca.pt\/erasmus\/ka1-afah\/?page_id=78"},"modified":"2023-02-13T16:27:52","modified_gmt":"2023-02-13T16:27:52","slug":"terceira","status":"publish","type":"page","link":"https:\/\/www.aetarouca.pt\/erasmus\/ka1-afah\/index.php\/formacao\/terceira\/","title":{"rendered":"Terceira"},"content":{"rendered":"<p><strong>Cultivating Diversity and Inclusion<\/strong><\/p>\n<p>Forma\u00e7\u00e3o dinamizada pelo Europass Teacher Academy, entre os dias <strong>28 de novembro e 3 de dezembro de 2022<\/strong> em Budapeste, Hungria.<\/p>\n<p>&nbsp;<\/p>\n<p><strong>Participantes<\/strong><strong>:<\/strong> Sofia Rodrigues, Ana Paula Silva e Maria Jo\u00e3o Martins<\/p>\n<p>&nbsp;<\/p>\n<p><strong>Objetivos principais do curso:<\/strong><\/p>\n<ul>\n<li>Identificar barreiras de comunica\u00e7\u00e3o intercultural e formas de super\u00e1-las;<\/li>\n<li>Refletir sobre a import\u00e2ncia de fomentar a inclus\u00e3o e a diversidade na sala de aula;<\/li>\n<li>Reduzir preconceitos e estere\u00f3tipos;<\/li>\n<li>Dominar t\u00e9cnicas para melhorar a Comunica\u00e7\u00e3o entre Culturas;<\/li>\n<li>Aumentar a consci\u00eancia cultural dos alunos;<\/li>\n<li>Explorar aplicativos de TIC para aumentar a conscientiza\u00e7\u00e3o sobre a diversidade cultural.<\/li>\n<\/ul>\n","protected":false},"excerpt":{"rendered":"<p>Cultivating Diversity and Inclusion Forma\u00e7\u00e3o dinamizada pelo Europass Teacher Academy, entre os dias 28 de novembro e 3 de dezembro de 2022 em Budapeste, Hungria. &nbsp; Participantes: Sofia Rodrigues, Ana Paula Silva e Maria Jo\u00e3o Martins &nbsp; Objetivos principais do curso: Identificar barreiras de comunica\u00e7\u00e3o intercultural e formas de super\u00e1-las; Refletir sobre a import\u00e2ncia de [&hellip;]<\/p>\n","protected":false},"author":1,"featured_media":0,"parent":72,"menu_order":0,"comment_status":"closed","ping_status":"closed","template":"","meta":{"ngg_post_thumbnail":0,"footnotes":""},"class_list":["post-78","page","type-page","status-publish","hentry"],"_links":{"self":[{"href":"https:\/\/www.aetarouca.pt\/erasmus\/ka1-afah\/index.php\/wp-json\/wp\/v2\/pages\/78","targetHints":{"allow":["GET"]}}],"collection":[{"href":"https:\/\/www.aetarouca.pt\/erasmus\/ka1-afah\/index.php\/wp-json\/wp\/v2\/pages"}],"about":[{"href":"https:\/\/www.aetarouca.pt\/erasmus\/ka1-afah\/index.php\/wp-json\/wp\/v2\/types\/page"}],"author":[{"embeddable":true,"href":"https:\/\/www.aetarouca.pt\/erasmus\/ka1-afah\/index.php\/wp-json\/wp\/v2\/users\/1"}],"replies":[{"embeddable":true,"href":"https:\/\/www.aetarouca.pt\/erasmus\/ka1-afah\/index.php\/wp-json\/wp\/v2\/comments?post=78"}],"version-history":[{"count":2,"href":"https:\/\/www.aetarouca.pt\/erasmus\/ka1-afah\/index.php\/wp-json\/wp\/v2\/pages\/78\/revisions"}],"predecessor-version":[{"id":106,"href":"https:\/\/www.aetarouca.pt\/erasmus\/ka1-afah\/index.php\/wp-json\/wp\/v2\/pages\/78\/revisions\/106"}],"up":[{"embeddable":true,"href":"https:\/\/www.aetarouca.pt\/erasmus\/ka1-afah\/index.php\/wp-json\/wp\/v2\/pages\/72"}],"wp:attachment":[{"href":"https:\/\/www.aetarouca.pt\/erasmus\/ka1-afah\/index.php\/wp-json\/wp\/v2\/media?parent=78"}],"curies":[{"name":"wp","href":"https:\/\/api.w.org\/{rel}","templated":true}]}}