{"id":19,"date":"2010-12-10T22:12:15","date_gmt":"2010-12-10T22:12:15","guid":{"rendered":"http:\/\/avetar.no-ip.org\/teste\/?page_id=19"},"modified":"2012-02-07T21:32:54","modified_gmt":"2012-02-07T21:32:54","slug":"iniciativa-comtic","status":"publish","type":"page","link":"https:\/\/www.aetarouca.pt\/polaris\/?page_id=19","title":{"rendered":"Iniciativa &#8220;comTIC&#8221;"},"content":{"rendered":"<h2 style=\"text-align: center;\"><span style=\"color: #800000;\">Iniciativa &#8220;Aprender e Inovar com TIC&#8221;<\/span><\/h2>\n<h2 style=\"text-align: center;\"><span style=\"color: #800000;\">2010-2013<\/span><\/h2>\n<p style=\"text-align: justify;\">A iniciativa \u201cAprender e Inovar com TIC\u201d\u00a0 tem como finalidade a promo\u00e7\u00e3o da utiliza\u00e7\u00e3o educativa das TIC, com vista \u00e0 melhoria das aprendizagens dos alunos, atrav\u00e9s da rentabiliza\u00e7\u00e3o dos equipamentos dispon\u00edveis nas escolas. A iniciativa apoiar\u00e1 projectos inovadores que promovam a utiliza\u00e7\u00e3o educativa das TIC e privilegiem o seu uso no 1.\u00ba Ciclo do Ensino B\u00e1sico, a utiliza\u00e7\u00e3o de plataformas de gest\u00e3o da aprendizagem pela comunidade educativa e a produ\u00e7\u00e3o e partilha de recursos educativos digitais.<\/p>\n<ul>\n<li><a title=\"Edital da Iniciativa\" href=\"http:\/\/www.aetarouca.pt\/polaris\/?page_id=21\">Edital da Iniciativa<\/a><\/li>\n<\/ul>\n","protected":false},"excerpt":{"rendered":"<p>Iniciativa &#8220;Aprender e Inovar com TIC&#8221; 2010-2013 A iniciativa \u201cAprender e Inovar com TIC\u201d\u00a0 tem como finalidade a promo\u00e7\u00e3o da utiliza\u00e7\u00e3o educativa das TIC, com [&hellip;]<\/p>\n","protected":false},"author":1,"featured_media":0,"parent":0,"menu_order":0,"comment_status":"closed","ping_status":"open","template":"","meta":[],"_links":{"self":[{"href":"https:\/\/www.aetarouca.pt\/polaris\/index.php?rest_route=\/wp\/v2\/pages\/19"}],"collection":[{"href":"https:\/\/www.aetarouca.pt\/polaris\/index.php?rest_route=\/wp\/v2\/pages"}],"about":[{"href":"https:\/\/www.aetarouca.pt\/polaris\/index.php?rest_route=\/wp\/v2\/types\/page"}],"author":[{"embeddable":true,"href":"https:\/\/www.aetarouca.pt\/polaris\/index.php?rest_route=\/wp\/v2\/users\/1"}],"replies":[{"embeddable":true,"href":"https:\/\/www.aetarouca.pt\/polaris\/index.php?rest_route=%2Fwp%2Fv2%2Fcomments&post=19"}],"version-history":[{"count":14,"href":"https:\/\/www.aetarouca.pt\/polaris\/index.php?rest_route=\/wp\/v2\/pages\/19\/revisions"}],"predecessor-version":[{"id":27,"href":"https:\/\/www.aetarouca.pt\/polaris\/index.php?rest_route=\/wp\/v2\/pages\/19\/revisions\/27"}],"wp:attachment":[{"href":"https:\/\/www.aetarouca.pt\/polaris\/index.php?rest_route=%2Fwp%2Fv2%2Fmedia&parent=19"}],"curies":[{"name":"wp","href":"https:\/\/api.w.org\/{rel}","templated":true}]}}