{"id":200,"date":"2013-10-04T01:16:54","date_gmt":"2013-10-04T01:16:54","guid":{"rendered":"http:\/\/www.aetarouca.pt\/polaris\/?page_id=200"},"modified":"2015-10-05T15:46:24","modified_gmt":"2015-10-05T15:46:24","slug":"desafio-do-mes-regulamento","status":"publish","type":"page","link":"https:\/\/www.aetarouca.pt\/polaris\/?page_id=200","title":{"rendered":"Desafio do M\u00eas &#8211; Regulamento"},"content":{"rendered":"<h3 align=\"center\">AGRUPAMENTO DE ESCOLAS DR. JOS\u00c9 LEITE DE VASCONCELOS<\/h3>\n<p align=\"center\"><a href=\"http:\/\/www.aetarouca.pt\/polaris\/wp-content\/uploads\/2013\/10\/Desafio.png\"><img loading=\"lazy\" class=\"aligncenter size-full wp-image-201\" src=\"http:\/\/www.aetarouca.pt\/polaris\/wp-content\/uploads\/2013\/10\/Desafio.png\" alt=\"Desafio do M\u00eas\" width=\"400\" height=\"400\" srcset=\"https:\/\/www.aetarouca.pt\/polaris\/wp-content\/uploads\/2013\/10\/Desafio.png 400w, https:\/\/www.aetarouca.pt\/polaris\/wp-content\/uploads\/2013\/10\/Desafio-150x150.png 150w, https:\/\/www.aetarouca.pt\/polaris\/wp-content\/uploads\/2013\/10\/Desafio-300x300.png 300w, https:\/\/www.aetarouca.pt\/polaris\/wp-content\/uploads\/2013\/10\/Desafio-36x36.png 36w, https:\/\/www.aetarouca.pt\/polaris\/wp-content\/uploads\/2013\/10\/Desafio-115x115.png 115w\" sizes=\"(max-width: 400px) 100vw, 400px\" \/><\/a><\/p>\n<h4 style=\"text-align: center;\">Ano letivo 2015\/2016<\/h4>\n<h5 style=\"text-align: center;\" align=\"center\"><b style=\"font-size: 1em;\">REGULAMENTO do \u201cDesafio do M\u00eas\u201d<\/b><\/h5>\n<ul>\n<li>O \u201cDesafio do M\u00eas\u201d \u00e9 um concurso, destinado a <strong>alunos do 2\u00ba Ciclo do Ensino B\u00e1sico<\/strong>, que visa desenvolver atividades de apelo ao racioc\u00ednio l\u00f3gico, abstrato e num\u00e9rico.<\/li>\n<li>O concurso decorrer\u00e1 entre <strong>1 de outubro<\/strong> de 2015 e <strong>31 de maio<\/strong> de 2016.<\/li>\n<li>Cada atividade consiste na resolu\u00e7\u00e3o de um problema cujo enunciado dever\u00e1 ser solicitado no <strong>balc\u00e3o da Biblioteca<\/strong> da escola sede do Agrupamento.<\/li>\n<li>O desafio tamb\u00e9m poder\u00e1 ser consultado e resolvido na p\u00e1gina eletr\u00f3nica do Agrupamento. No entanto, a respetiva proposta de resolu\u00e7\u00e3o dever\u00e1 ser entregue na Biblioteca, em formato de papel, dentro do prazo estabelecido.<\/li>\n<li>Os problemas ser\u00e3o propostos mensalmente.<\/li>\n<li>Uma semana ap\u00f3s o prazo da conclus\u00e3o de cada atividade ser\u00e3o divulgados os vencedores e uma proposta de resolu\u00e7\u00e3o.<\/li>\n<li>Considera-se vencedor de cada desafio quem apresentar uma proposta de resolu\u00e7\u00e3o correta, criativa e descrever de forma clara o seu racioc\u00ednio.<\/li>\n<li>A pontua\u00e7\u00e3o a atribui ser\u00e1 a seguinte: <strong>2 pontos<\/strong> para a <strong>resposta certa, devidamente justificada<\/strong>; <strong>1 ponto<\/strong> para a <strong>resposta certa sem justifica\u00e7\u00e3o ou justifica\u00e7\u00e3o incorreta<\/strong>; <strong>0 pontos<\/strong> para a <strong>resposta errada<\/strong>.<\/li>\n<li>Em caso de empate, os alunos dever\u00e3o resolver outro desafio, o desafio final, para desempatar.<\/li>\n<li>Aos vencedores do maior n\u00famero de desafios ser\u00e3o atribu\u00eddos pr\u00e9mios.<\/li>\n<\/ul>\n","protected":false},"excerpt":{"rendered":"<p>AGRUPAMENTO DE ESCOLAS DR. JOS\u00c9 LEITE DE VASCONCELOS Ano letivo 2015\/2016 REGULAMENTO do \u201cDesafio do M\u00eas\u201d O \u201cDesafio do M\u00eas\u201d \u00e9 um concurso, destinado a [&hellip;]<\/p>\n","protected":false},"author":1,"featured_media":201,"parent":0,"menu_order":0,"comment_status":"closed","ping_status":"closed","template":"","meta":[],"_links":{"self":[{"href":"https:\/\/www.aetarouca.pt\/polaris\/index.php?rest_route=\/wp\/v2\/pages\/200"}],"collection":[{"href":"https:\/\/www.aetarouca.pt\/polaris\/index.php?rest_route=\/wp\/v2\/pages"}],"about":[{"href":"https:\/\/www.aetarouca.pt\/polaris\/index.php?rest_route=\/wp\/v2\/types\/page"}],"author":[{"embeddable":true,"href":"https:\/\/www.aetarouca.pt\/polaris\/index.php?rest_route=\/wp\/v2\/users\/1"}],"replies":[{"embeddable":true,"href":"https:\/\/www.aetarouca.pt\/polaris\/index.php?rest_route=%2Fwp%2Fv2%2Fcomments&post=200"}],"version-history":[{"count":10,"href":"https:\/\/www.aetarouca.pt\/polaris\/index.php?rest_route=\/wp\/v2\/pages\/200\/revisions"}],"predecessor-version":[{"id":548,"href":"https:\/\/www.aetarouca.pt\/polaris\/index.php?rest_route=\/wp\/v2\/pages\/200\/revisions\/548"}],"wp:featuredmedia":[{"embeddable":true,"href":"https:\/\/www.aetarouca.pt\/polaris\/index.php?rest_route=\/wp\/v2\/media\/201"}],"wp:attachment":[{"href":"https:\/\/www.aetarouca.pt\/polaris\/index.php?rest_route=%2Fwp%2Fv2%2Fmedia&parent=200"}],"curies":[{"name":"wp","href":"https:\/\/api.w.org\/{rel}","templated":true}]}}